{"id":3316,"date":"2024-10-27T15:23:29","date_gmt":"2024-10-27T14:23:29","guid":{"rendered":"https:\/\/hp.mydrweb.be\/wettelijke-bepalingen\/"},"modified":"2024-10-27T15:23:29","modified_gmt":"2024-10-27T14:23:29","slug":"wettelijke-bepalingen","status":"publish","type":"page","link":"https:\/\/hp.mydrweb.be\/nl\/wettelijke-bepalingen\/","title":{"rendered":"Wettelijke bepalingen"},"content":{"rendered":"\t\t<div data-elementor-type=\"wp-post\" data-elementor-id=\"3316\" class=\"elementor elementor-3316 elementor-2499\" data-elementor-post-type=\"page\">\n\t\t\t\t<div class=\"elementor-element elementor-element-5d7f341 titrepage e-flex e-con-boxed e-con e-parent\" data-id=\"5d7f341\" data-element_type=\"container\" data-settings=\"{&quot;background_background&quot;:&quot;classic&quot;}\">\n\t\t\t\t\t<div class=\"e-con-inner\">\n\t\t<div class=\"elementor-element elementor-element-1113725 e-flex e-con-boxed e-con e-child\" data-id=\"1113725\" data-element_type=\"container\">\n\t\t\t\t\t<div class=\"e-con-inner\">\n\t\t\t\t<div class=\"elementor-element elementor-element-c7ab9c6 elementor-widget elementor-widget-heading\" data-id=\"c7ab9c6\" data-element_type=\"widget\" data-widget_type=\"heading.default\">\n\t\t\t\t<div class=\"elementor-widget-container\">\n\t\t\t\t\t<h1 class=\"elementor-heading-title elementor-size-default\">Wettelijke bepalingen<\/h1>\t\t\t\t<\/div>\n\t\t\t\t<\/div>\n\t\t\t\t\t<\/div>\n\t\t\t\t<\/div>\n\t\t<div class=\"elementor-element elementor-element-f93c4f5 e-flex e-con-boxed e-con e-child\" data-id=\"f93c4f5\" data-element_type=\"container\">\n\t\t\t\t\t<div class=\"e-con-inner\">\n\t\t\t\t<div class=\"elementor-element elementor-element-fae2dcf elementor-widget elementor-widget-heading\" data-id=\"fae2dcf\" data-element_type=\"widget\" data-widget_type=\"heading.default\">\n\t\t\t\t<div class=\"elementor-widget-container\">\n\t\t\t\t\t<h2 class=\"elementor-heading-title elementor-size-default\">Heating and power<\/h2>\t\t\t\t<\/div>\n\t\t\t\t<\/div>\n\t\t\t\t\t<\/div>\n\t\t\t\t<\/div>\n\t\t\t\t\t<\/div>\n\t\t\t\t<\/div>\n\t\t<div class=\"elementor-element elementor-element-7400802 e-flex e-con-boxed e-con e-parent\" data-id=\"7400802\" data-element_type=\"container\">\n\t\t\t\t\t<div class=\"e-con-inner\">\n\t\t<div class=\"elementor-element elementor-element-dc8900a e-con-full e-flex e-con e-child\" data-id=\"dc8900a\" data-element_type=\"container\">\n\t\t\t\t<div class=\"elementor-element elementor-element-5bb7ef2 elementor-widget elementor-widget-text-editor\" data-id=\"5bb7ef2\" data-element_type=\"widget\" data-widget_type=\"text-editor.default\">\n\t\t\t\t<div class=\"elementor-widget-container\">\n\t\t\t\t\t\t\t\t\t<p style=\"margin-bottom: 35px; font-family: Lato, sans-serif; font-size: 18px; font-style: normal; font-weight: 400;\"><br><\/p><p style=\"margin-bottom: 35px; font-family: Lato, sans-serif; font-size: 18px; font-style: normal; font-weight: 400;\">De website www.heating-and-power.com wordt uitgegeven door de holding van de groep Poujoulat, SOPREG &#8211; 7, rue Roy &#8211; 75008 Parijs.<\/p>\n<p>Verantwoordelijke uitgever: Fr\u00e9d\u00e9ric COIRIER<br>Grafisch ontwerp: Agentschap Eloou<\/p>\n<p style=\"margin-bottom: 35px; font-family: Lato, sans-serif; font-size: 18px; font-style: normal; font-weight: 400;\">POUJOULAT SA (hoofdkantoor)<br>BP 01 &#8211; 79270 Saint Symphorien<br>FRANKRIJK<br>Maatschappelijk kapitaal: 12 000 000 \u20ac.<br>SIRET : 781 446 521 00028<br>Telefoon : 05 49 04 40 40<br>Fax : 05 49 04 40 00<\/p>\n<p style=\"margin-bottom: 35px; font-family: Lato, sans-serif; font-size: 18px; font-style: normal; font-weight: 400;\"><span style=\"font-weight: bold;\">Site hosting<\/span><\/p>\n<p style=\"margin-bottom: 35px; font-family: Lato, sans-serif; font-size: 18px; font-style: normal; font-weight: 400;\">CYRES<br>87 avenue du Maine<br>75014 Parijs<br>Tel : 01 72 50 01 26<br>Fax : 01 72 50 01 26<br>www.cyres.fr<\/p>\n<p style=\"margin-bottom: 35px; font-family: Lato, sans-serif; font-size: 18px; font-style: normal; font-weight: 400;\">In overeenstemming met de wet 78-17 van 06\/01\/1978 met betrekking tot gegevensverwerking, bestanden en vrijheden, is deze site aangegeven bij de CNIL.<\/p>\n<p style=\"margin-bottom: 35px; font-family: Lato, sans-serif; font-size: 18px; font-style: normal;\"><span style=\"font-weight: bold;\">Gebruiksvoorwaarden van de site&nbsp;<\/span><span style=\"font-family: Lato;\"><b>heating-and-power.com<\/b><\/span><br>POUJOULAT heeft deze site geopend voor de persoonlijke informatie van zijn gebruikers. Geen enkele commerci\u00eble exploitatie, zelfs niet gedeeltelijk, van de gegevens die op deze site worden gepresenteerd, kan worden uitgevoerd zonder de voorafgaande en schriftelijke toestemming van POUJOULAT. POUJOULAT informeert de gebruikers van deze site dat de meeste elementen op deze site beschermd zijn door de wetgeving op het auteursrecht: het kan met name gaan om foto&#8217;s, artikelen, tekeningen, geanimeerde sequenties&#8230;  <\/p>\n<p style=\"margin-bottom: 35px; font-family: Lato, sans-serif; font-size: 18px; font-style: normal; font-weight: 400;\">De aldus beschermde elementen zijn eigendom van POUJOULAT of van derden die POUJOULAT toestemming hebben gegeven om ze te exploiteren. Als zodanig is elke reproductie, weergave, gebruik, aanpassing, wijziging, opname, vertaling, marketing, gedeeltelijk of integraal van deze elementen, zonder voorafgaande schriftelijke toestemming van POUJOULAT verboden, op straffe van het vormen van een misdrijf van namaak van royalty&#8217;s en \/ of tekeningen en modellen en \/ of merk, bestraft met twee jaar gevangenisstraf en 152 000 \u20ac boete. <\/p>\n<p style=\"margin-bottom: 35px; font-family: Lato, sans-serif; font-size: 18px; font-style: normal; font-weight: 400;\">De informatie en illustraties op de pagina&#8217;s van deze website zijn gebaseerd op de technische kenmerken die van kracht waren op het moment dat de verschillende pagina&#8217;s van de website online werden gezet of bijgewerkt. De informatie op deze website is in ieder geval van algemene aard en heeft geen contractuele waarde. <\/p>\n<p style=\"margin-bottom: 35px; font-family: Lato, sans-serif; font-size: 18px; font-style: normal; font-weight: 400;\"><span style=\"font-weight: bold;\">Bescherming van persoonlijke gegevens<\/span><br>De raadpleging van de site www.<span style=\"font-family: Lato;\">heating-and-power.com <\/span>is &nbsp;mogelijk zonder dat u uw identiteit of enige andere persoonlijke informatie bekend hoeft te maken. De persoonlijke gegevens die u ons meedeelt, worden opgeslagen in een geautomatiseerd bestand van POUJOULAT SA, BP 01 &#8211; 79270 Saint Symphorien, om uw aanvraag te behandelen. Om deze reden kunnen deze gegevens worden doorgegeven aan onze verschillende interne diensten.<br>De verzamelde gegevens worden niet doorgegeven aan personen buiten het bedrijf POUJOULAT. Ze worden bewaard voor een periode van 3 jaar vanaf het moment dat u uw toestemming heeft gegeven. In overeenstemming met de Algemene Verordening Gegevensbescherming en de wet \u201cInformatica en Vrijheden\u201d, hebt u recht op overdraagbaarheid, toegang, verwijdering, correctie van uw gegevens, beperking en verzet tegen de behandeling van uw persoonlijke gegevens. Tot slot heeft u de mogelijkheid om een klacht in te dienen bij de CNIL. Om uw rechten uit te oefenen, kunt u contact opnemen met de functionaris voor gegevensbescherming op het volgende adres:&nbsp; dpo@poujoulat.fr.      <\/p>\n<p style=\"margin-bottom: 35px; font-family: Lato, sans-serif; font-size: 18px; font-style: normal; font-weight: 400;\"><span style=\"font-weight: bold;\">Cookies<\/span><br>Het surfen op de website www.<span style=\"font-family: Lato;\">heating-and-power.com <\/span>kan&nbsp; ertoe leiden dat er cookies op de computer van de gebruiker worden ge\u00efnstalleerd. Een cookie is een klein bestand waarmee de gebruiker niet kan worden ge\u00efdentificeerd, maar dat informatie registreert over de navigatie van een computer op een site. De aldus verkregen gegevens zijn bedoeld om latere navigatie op de site te vergemakkelijken en zijn ook bedoeld om verschillende frequentiemaatregelen mogelijk te maken.  <\/p>\n<p style=\"margin-bottom: 35px; font-family: Lato, sans-serif; font-size: 18px; font-style: normal; font-weight: 400;\">De weigering om een cookie te installeren kan de toegang tot bepaalde diensten onmogelijk maken. De gebruiker kan zijn computer echter op de volgende manier configureren om de installatie van cookies te weigeren: <\/p>\n<p style=\"margin-bottom: 35px; font-family: Lato, sans-serif; font-size: 18px; font-style: normal; font-weight: 400;\">Onder Internet Explorer: tabblad gereedschap (pictogram in de vorm van een&nbsp; tandwiel in de rechterbovenhoek) \/ internetopties. Klik op Privacy en kies Alle cookies blokkeren. Valideer met Ok.  <\/p>\n<p style=\"margin-bottom: 35px; font-family: Lato, sans-serif; font-size: 18px; font-style: normal; font-weight: 400;\">Onder Firefox: klik bovenin het browservenster op de knop Firefox en ga vervolgens naar het tabblad Opties. Klik op het tabblad Privacy. Stel de Bewaarregels in op: gebruik aangepaste instellingen voor geschiedenis. Schakel tot slot het vinkje uit om cookies uit te schakelen.   <\/p>\n<p style=\"margin-bottom: 35px; font-family: Lato, sans-serif; font-size: 18px; font-style: normal; font-weight: 400;\">In Safari: Klik op het menupictogram (gesymboliseerd door een tandwiel) rechtsboven in de browser. Selecteer Instellingen. Klik op Geavanceerde instellingen weergeven. Klik in de sectie \u201cPrivacy\u201d op Inhoudsinstellingen. In het gedeelte \u201cCookies\u201d kunt u cookies blokkeren.    <\/p>\n<p style=\"margin-bottom: 35px; font-family: Lato, sans-serif; font-size: 18px; font-style: normal; font-weight: 400;\">In Chrome: Klik op het menupictogram (gesymboliseerd door drie horizontale lijnen) rechtsboven in de browser. Selecteer Instellingen. Klik op Geavanceerde instellingen weergeven. Klik in het gedeelte \u201cPrivacy\u201d op Voorkeuren. Op het tabblad \u201cPrivacy\u201d kunt u cookies blokkeren.\u201d    <\/p>\n<p style=\"margin-bottom: 35px; font-family: Lato, sans-serif; font-size: 18px; font-style: normal; font-weight: 400;\"><span style=\"font-weight: bold;\">Hyperlinks<\/span><br>Om haar site te promoten en omdat het cre\u00ebren van links de raison d&#8217;\u00eatre van het internet is, moedigt HEATING &amp; POWER elke externe website aan om een hypertekstlink te cre\u00ebren naar de HEATING &amp; POWER website (www.<span style=\"font-family: Lato;\">heating-and-power.com<\/span>) zonder voorafgaande toestemming, onder de volgende voorwaarden.<br><br><\/p>\n<p style=\"margin-bottom: 35px; font-family: Lato, sans-serif; font-size: 18px; font-style: normal; font-weight: 400;\">Dit gebruik mag in geen geval :<br>&#8211; de rechten van HEATING &amp; POWER schenden, in het bijzonder haar logo of haar intellectuele eigendomsrechten;<br>&#8211; dienen om een organisatie, een bedrijf, producten of commerci\u00eble diensten te promoten.<\/p>\n<p style=\"margin-bottom: 35px; font-family: Lato, sans-serif; font-size: 18px; font-style: normal; font-weight: 400;\">Daarom:<br>&#8211; moet elke link naar de HEATING &amp; POWER website duidelijk verschijnen als afkomstig van HEATING &amp; POWER (volledige en zichtbare URL);<br>&#8211; De link die wordt gecre\u00eberd op de website van de derde partij mag worden doorverwezen naar de startpagina van de HEATING &amp; POWER website of naar een interne pagina die \u201cdiep\u201d wordt genoemd;<br>&#8211; De pagina&#8217;s van de website van HEATING &amp; POWER moeten openen in nieuwe vensters en mogen niet ingebed zijn in de pagina&#8217;s van de website van derden;<\/p>\n<p style=\"margin-bottom: 35px; font-family: Lato, sans-serif; font-size: 18px; font-style: normal; font-weight: 400;\">Voor elke vraag over de links naar de website van POUJOULAT, aarzel niet om ons te raadplegen, met alle nuttige aanwijzingen, door een e-mail te sturen naar: &nbsp;info@poujoulat.fr<br><br><\/p>\n<p style=\"margin-bottom: 35px; font-family: Lato, sans-serif; font-size: 18px; font-style: normal; font-weight: 400;\">In elk geval is POUJOULAT niet verantwoordelijk voor de inhoud, noch voor de producten of diensten die worden aangeboden op de sites waarmee de website van HEATING &amp; POWER is verbonden door hyperlinks of andere soorten links.<\/p>\n<p style=\"margin-bottom: 100px; font-family: Lato, sans-serif; font-size: 18px; font-style: normal; font-weight: 400;\"><span style=\"font-weight: bold;\">Logo en afbeeldingen<\/span><br>Elk verzoek om toestemming &nbsp;voor het gebruik van het logo of afbeeldingen van POUJOULAT moet worden gericht aan&nbsp; logo@poujoulat.fr of &nbsp;via het contactformulier.<\/p>\n<p><span style=\"font-weight: bold;\">Toepasselijk recht<\/span><br>De website www.heating-and-power.com valt onder&nbsp; het Franse recht en is geschreven in het Frans.<\/p>\n<p><span style=\"font-weight: bold;\">Beperking van aansprakelijkheid<\/span><br>U gebruikt de site www.heating-and-power.com &nbsp;onder uw enige en volledige verantwoordelijkheid.<\/p>\n<p><span style=\"font-weight: bold;\">Update<\/span><br>POUJOULAT behoudt zich het recht voor om zonder voorafgaande kennisgeving en in het belang van haar klanten de huidige gebruiksvoorwaarden en alle op de site gepresenteerde elementen, producten of diensten te wijzigen en bij te werken.<br>Het geheel van deze wijzigingen wordt opgelegd aan de Internetgebruikers die de huidige Gebruiksvoorwaarden bij elke verbinding moeten raadplegen.<\/p><p><br><\/p>\t\t\t\t\t\t\t\t<\/div>\n\t\t\t\t<\/div>\n\t\t\t\t<\/div>\n\t\t\t\t\t<\/div>\n\t\t\t\t<\/div>\n\t\t\t\t<\/div>\n\t\t","protected":false},"excerpt":{"rendered":"<p>Wettelijke bepalingen Heating and power De website www.heating-and-power.com wordt uitgegeven door de holding van de groep Poujoulat, SOPREG &#8211; 7, rue Roy &#8211; 75008 Parijs. Verantwoordelijke uitgever: Fr\u00e9d\u00e9ric COIRIERGrafisch ontwerp: Agentschap Eloou POUJOULAT SA (hoofdkantoor)BP 01 &#8211; 79270 Saint SymphorienFRANKRIJKMaatschappelijk kapitaal: 12 000 000 \u20ac.SIRET : 781 446 521 00028Telefoon : 05 49 04 40 [&hellip;]<\/p>\n","protected":false},"author":2,"featured_media":0,"parent":0,"menu_order":0,"comment_status":"closed","ping_status":"closed","template":"","meta":{"inline_featured_image":false,"footnotes":""},"class_list":["post-3316","page","type-page","status-publish","hentry"],"yoast_head":"<!-- This site is optimized with the Yoast SEO plugin v24.5 - https:\/\/yoast.com\/wordpress\/plugins\/seo\/ -->\n<title>Wettelijke bepalingen - Heating &amp; Power<\/title>\n<meta name=\"robots\" content=\"index, follow, max-snippet:-1, max-image-preview:large, max-video-preview:-1\" \/>\n<link rel=\"canonical\" href=\"https:\/\/hp.mydrweb.be\/nl\/wettelijke-bepalingen\/\" \/>\n<meta property=\"og:locale\" content=\"nl_NL\" \/>\n<meta property=\"og:type\" content=\"article\" \/>\n<meta property=\"og:title\" content=\"Wettelijke bepalingen - Heating &amp; Power\" \/>\n<meta property=\"og:description\" content=\"Wettelijke bepalingen Heating and power De website www.heating-and-power.com wordt uitgegeven door de holding van de groep Poujoulat, SOPREG &#8211; 7, rue Roy &#8211; 75008 Parijs. Verantwoordelijke uitgever: Fr\u00e9d\u00e9ric COIRIERGrafisch ontwerp: Agentschap Eloou POUJOULAT SA (hoofdkantoor)BP 01 &#8211; 79270 Saint SymphorienFRANKRIJKMaatschappelijk kapitaal: 12 000 000 \u20ac.SIRET : 781 446 521 00028Telefoon : 05 49 04 40 [&hellip;]\" \/>\n<meta property=\"og:url\" content=\"https:\/\/hp.mydrweb.be\/nl\/wettelijke-bepalingen\/\" \/>\n<meta property=\"og:site_name\" content=\"Heating &amp; Power\" \/>\n<meta name=\"twitter:card\" content=\"summary_large_image\" \/>\n<meta name=\"twitter:label1\" content=\"Geschatte leestijd\" \/>\n\t<meta name=\"twitter:data1\" content=\"5 minuten\" \/>\n<script type=\"application\/ld+json\" class=\"yoast-schema-graph\">{\"@context\":\"https:\/\/schema.org\",\"@graph\":[{\"@type\":\"WebPage\",\"@id\":\"https:\/\/hp.mydrweb.be\/nl\/wettelijke-bepalingen\/\",\"url\":\"https:\/\/hp.mydrweb.be\/nl\/wettelijke-bepalingen\/\",\"name\":\"Wettelijke bepalingen - Heating &amp; Power\",\"isPartOf\":{\"@id\":\"https:\/\/hp.mydrweb.be\/nl\/#website\"},\"datePublished\":\"2024-10-27T14:23:29+00:00\",\"breadcrumb\":{\"@id\":\"https:\/\/hp.mydrweb.be\/nl\/wettelijke-bepalingen\/#breadcrumb\"},\"inLanguage\":\"nl-NL\",\"potentialAction\":[{\"@type\":\"ReadAction\",\"target\":[\"https:\/\/hp.mydrweb.be\/nl\/wettelijke-bepalingen\/\"]}]},{\"@type\":\"BreadcrumbList\",\"@id\":\"https:\/\/hp.mydrweb.be\/nl\/wettelijke-bepalingen\/#breadcrumb\",\"itemListElement\":[{\"@type\":\"ListItem\",\"position\":1,\"name\":\"Accueil\",\"item\":\"https:\/\/hp.mydrweb.be\/nl\/home\/\"},{\"@type\":\"ListItem\",\"position\":2,\"name\":\"Wettelijke bepalingen\"}]},{\"@type\":\"WebSite\",\"@id\":\"https:\/\/hp.mydrweb.be\/nl\/#website\",\"url\":\"https:\/\/hp.mydrweb.be\/nl\/\",\"name\":\"Heating &amp; Power\",\"description\":\"\",\"publisher\":{\"@id\":\"https:\/\/hp.mydrweb.be\/nl\/#organization\"},\"potentialAction\":[{\"@type\":\"SearchAction\",\"target\":{\"@type\":\"EntryPoint\",\"urlTemplate\":\"https:\/\/hp.mydrweb.be\/nl\/?s={search_term_string}\"},\"query-input\":{\"@type\":\"PropertyValueSpecification\",\"valueRequired\":true,\"valueName\":\"search_term_string\"}}],\"inLanguage\":\"nl-NL\"},{\"@type\":\"Organization\",\"@id\":\"https:\/\/hp.mydrweb.be\/nl\/#organization\",\"name\":\"Heating &amp; Power\",\"url\":\"https:\/\/hp.mydrweb.be\/nl\/\",\"logo\":{\"@type\":\"ImageObject\",\"inLanguage\":\"nl-NL\",\"@id\":\"https:\/\/hp.mydrweb.be\/nl\/#\/schema\/logo\/image\/\",\"url\":\"https:\/\/hp.mydrweb.be\/wp-content\/uploads\/2021\/11\/HP_Poujoulat_2021.svg\",\"contentUrl\":\"https:\/\/hp.mydrweb.be\/wp-content\/uploads\/2021\/11\/HP_Poujoulat_2021.svg\",\"width\":101,\"height\":26,\"caption\":\"Heating &amp; Power\"},\"image\":{\"@id\":\"https:\/\/hp.mydrweb.be\/nl\/#\/schema\/logo\/image\/\"}}]}<\/script>\n<!-- \/ Yoast SEO plugin. -->","yoast_head_json":{"title":"Wettelijke bepalingen - Heating &amp; Power","robots":{"index":"index","follow":"follow","max-snippet":"max-snippet:-1","max-image-preview":"max-image-preview:large","max-video-preview":"max-video-preview:-1"},"canonical":"https:\/\/hp.mydrweb.be\/nl\/wettelijke-bepalingen\/","og_locale":"nl_NL","og_type":"article","og_title":"Wettelijke bepalingen - Heating &amp; Power","og_description":"Wettelijke bepalingen Heating and power De website www.heating-and-power.com wordt uitgegeven door de holding van de groep Poujoulat, SOPREG &#8211; 7, rue Roy &#8211; 75008 Parijs. Verantwoordelijke uitgever: Fr\u00e9d\u00e9ric COIRIERGrafisch ontwerp: Agentschap Eloou POUJOULAT SA (hoofdkantoor)BP 01 &#8211; 79270 Saint SymphorienFRANKRIJKMaatschappelijk kapitaal: 12 000 000 \u20ac.SIRET : 781 446 521 00028Telefoon : 05 49 04 40 [&hellip;]","og_url":"https:\/\/hp.mydrweb.be\/nl\/wettelijke-bepalingen\/","og_site_name":"Heating &amp; Power","twitter_card":"summary_large_image","twitter_misc":{"Geschatte leestijd":"5 minuten"},"schema":{"@context":"https:\/\/schema.org","@graph":[{"@type":"WebPage","@id":"https:\/\/hp.mydrweb.be\/nl\/wettelijke-bepalingen\/","url":"https:\/\/hp.mydrweb.be\/nl\/wettelijke-bepalingen\/","name":"Wettelijke bepalingen - Heating &amp; Power","isPartOf":{"@id":"https:\/\/hp.mydrweb.be\/nl\/#website"},"datePublished":"2024-10-27T14:23:29+00:00","breadcrumb":{"@id":"https:\/\/hp.mydrweb.be\/nl\/wettelijke-bepalingen\/#breadcrumb"},"inLanguage":"nl-NL","potentialAction":[{"@type":"ReadAction","target":["https:\/\/hp.mydrweb.be\/nl\/wettelijke-bepalingen\/"]}]},{"@type":"BreadcrumbList","@id":"https:\/\/hp.mydrweb.be\/nl\/wettelijke-bepalingen\/#breadcrumb","itemListElement":[{"@type":"ListItem","position":1,"name":"Accueil","item":"https:\/\/hp.mydrweb.be\/nl\/home\/"},{"@type":"ListItem","position":2,"name":"Wettelijke bepalingen"}]},{"@type":"WebSite","@id":"https:\/\/hp.mydrweb.be\/nl\/#website","url":"https:\/\/hp.mydrweb.be\/nl\/","name":"Heating &amp; Power","description":"","publisher":{"@id":"https:\/\/hp.mydrweb.be\/nl\/#organization"},"potentialAction":[{"@type":"SearchAction","target":{"@type":"EntryPoint","urlTemplate":"https:\/\/hp.mydrweb.be\/nl\/?s={search_term_string}"},"query-input":{"@type":"PropertyValueSpecification","valueRequired":true,"valueName":"search_term_string"}}],"inLanguage":"nl-NL"},{"@type":"Organization","@id":"https:\/\/hp.mydrweb.be\/nl\/#organization","name":"Heating &amp; Power","url":"https:\/\/hp.mydrweb.be\/nl\/","logo":{"@type":"ImageObject","inLanguage":"nl-NL","@id":"https:\/\/hp.mydrweb.be\/nl\/#\/schema\/logo\/image\/","url":"https:\/\/hp.mydrweb.be\/wp-content\/uploads\/2021\/11\/HP_Poujoulat_2021.svg","contentUrl":"https:\/\/hp.mydrweb.be\/wp-content\/uploads\/2021\/11\/HP_Poujoulat_2021.svg","width":101,"height":26,"caption":"Heating &amp; Power"},"image":{"@id":"https:\/\/hp.mydrweb.be\/nl\/#\/schema\/logo\/image\/"}}]}},"_links":{"self":[{"href":"https:\/\/hp.mydrweb.be\/nl\/wp-json\/wp\/v2\/pages\/3316","targetHints":{"allow":["GET"]}}],"collection":[{"href":"https:\/\/hp.mydrweb.be\/nl\/wp-json\/wp\/v2\/pages"}],"about":[{"href":"https:\/\/hp.mydrweb.be\/nl\/wp-json\/wp\/v2\/types\/page"}],"author":[{"embeddable":true,"href":"https:\/\/hp.mydrweb.be\/nl\/wp-json\/wp\/v2\/users\/2"}],"replies":[{"embeddable":true,"href":"https:\/\/hp.mydrweb.be\/nl\/wp-json\/wp\/v2\/comments?post=3316"}],"version-history":[{"count":1,"href":"https:\/\/hp.mydrweb.be\/nl\/wp-json\/wp\/v2\/pages\/3316\/revisions"}],"predecessor-version":[{"id":3317,"href":"https:\/\/hp.mydrweb.be\/nl\/wp-json\/wp\/v2\/pages\/3316\/revisions\/3317"}],"wp:attachment":[{"href":"https:\/\/hp.mydrweb.be\/nl\/wp-json\/wp\/v2\/media?parent=3316"}],"curies":[{"name":"wp","href":"https:\/\/api.w.org\/{rel}","templated":true}]}}